{"id":254,"date":"2022-02-14T16:23:19","date_gmt":"2022-02-14T16:23:19","guid":{"rendered":"https:\/\/kartelec.fr\/?page_id=254"},"modified":"2022-02-14T16:50:28","modified_gmt":"2022-02-14T16:50:28","slug":"politique-de-confidentialite","status":"publish","type":"page","link":"https:\/\/kartelec.fr\/?page_id=254","title":{"rendered":"Politique de confidentialit\u00e9"},"content":{"rendered":"<p>[et_pb_section fb_built=\u00a0\u00bb1&Prime; theme_builder_area=\u00a0\u00bbpost_content\u00a0\u00bb _builder_version=\u00a0\u00bb4.14.7&Prime; _module_preset=\u00a0\u00bbdefault\u00a0\u00bb][et_pb_row _builder_version=\u00a0\u00bb4.14.7&Prime; _module_preset=\u00a0\u00bbdefault\u00a0\u00bb theme_builder_area=\u00a0\u00bbpost_content\u00a0\u00bb][et_pb_column _builder_version=\u00a0\u00bb4.14.7&Prime; _module_preset=\u00a0\u00bbdefault\u00a0\u00bb type=\u00a0\u00bb4_4&Prime; theme_builder_area=\u00a0\u00bbpost_content\u00a0\u00bb][et_pb_text _builder_version=\u00a0\u00bb4.14.7&Prime; _module_preset=\u00a0\u00bbdefault\u00a0\u00bb theme_builder_area=\u00a0\u00bbpost_content\u00a0\u00bb hover_enabled=\u00a0\u00bb0&Prime; sticky_enabled=\u00a0\u00bb0&Prime;]<\/p>\n<h1><strong>Politique de confidentialit\u00e9<\/strong><\/h1>\n<p>De mani\u00e8re g\u00e9n\u00e9rale, vous n\u2019\u00eates pas tenu de nous communiquer vos donn\u00e9es personnelles lorsque vous visitez notre site Internet https:\/\/kartelec.fr\/<\/p>\n<p>Cependant, ce principe comporte certaines exceptions.<\/p>\n<p>L\u2019objectif de la pr\u00e9sente Politique de confidentialit\u00e9 est de vous informer des cat\u00e9gories d\u2019informations que nous recueillons dans le cadre de nos services, de la mani\u00e8re dont nous les utilisons et les traitons et des cas dans lesquels ces donn\u00e9es peuvent \u00eatre communiqu\u00e9es.<\/p>\n<p>Nous vous informons que toutes les op\u00e9rations associ\u00e9es aux traitements de vos donn\u00e9es \u00e0 caract\u00e8re personnel sont r\u00e9alis\u00e9es dans le respect des dispositions de la loi n\u00b078-17 du 6 janvier 1978 relative \u00e0 l\u2019Informatique, aux Fichiers et aux Libert\u00e9s et des dispositions du R\u00e8glement 2016\/679 du Parlement europ\u00e9en et du Conseil du 27 avril 2016 relatif \u00e0 la protection des personnes physiques \u00e0 l\u2019\u00e9gard du traitement des donn\u00e9es \u00e0 caract\u00e8re personnel et \u00e0 la libre circulation de ces donn\u00e9es.<\/p>\n<p>Nous vous invitons avant toute navigation \u00e0 vous r\u00e9f\u00e9rer \u00e0 la derni\u00e8re version de la Politique de confidentialit\u00e9. En effet, cette derni\u00e8re peut \u00eatre modifi\u00e9e, compl\u00e9t\u00e9e ou modifi\u00e9e afin notamment de se conformer \u00e0 toutes \u00e9volutions l\u00e9gislatives, r\u00e9glementaires, jurisprudentielles ou techniques.<\/p>\n<p>&nbsp;<\/p>\n<ol>\n<li><strong>Qu\u2019est-ce qu\u2019une Donn\u00e9e \u00e0 caract\u00e8re personnel ?<\/strong><\/li>\n<\/ol>\n<p>Une \u00ab\u00a0Donn\u00e9e \u00e0 caract\u00e8re personnel\u00a0\u00bb d\u00e9signe toute information se rapportant \u00e0 une personne physique identifi\u00e9e ou identifiable. Est r\u00e9put\u00e9e \u00eatre une personne physique identifiable une personne qui peut \u00eatre identifi\u00e9e, directement ou indirectement, notamment par r\u00e9f\u00e9rence \u00e0 un identifiant, tel qu\u2019un nom, un num\u00e9ro d\u2019identification ou un identifiant en ligne.<\/p>\n<ol start=\"2\">\n<li><strong>Quelles donn\u00e9es sont collect\u00e9es\u00a0dans le cadre de nos services ?<\/strong><\/li>\n<\/ol>\n<p>Pour certains services propos\u00e9s par notre site, vous pouvez \u00eatre amen\u00e9s \u00e0 nous communiquer certaines donn\u00e9es telles que : votre nom, votre fonction, le nom de votre soci\u00e9t\u00e9, votre adresse \u00e9lectronique, et votre num\u00e9ro de t\u00e9l\u00e9phone. Tel est le cas lorsque vous remplissez le formulaire qui vous est propos\u00e9 en ligne, dans la rubrique \u00ab contact \u00bb. Dans tous les cas, vous pouvez refuser de fournir vos donn\u00e9es personnelles.<\/p>\n<p>Dans ce cas, vous ne pourrez pas utiliser les services du site, notamment celui de solliciter des renseignements sur notre soci\u00e9t\u00e9, ou de recevoir les lettres d\u2019information.<\/p>\n<ol start=\"3\">\n<li><strong>Comment vos donn\u00e9es sont-elles collect\u00e9es\u00a0?<\/strong><\/li>\n<\/ol>\n<p>Vos donn\u00e9es \u00e0 caract\u00e8re personnel peuvent \u00eatre collect\u00e9es\u00a0via le formulaire publi\u00e9 sur la rubrique \u00ab\u00a0contact\u00a0\u00bb du site<span>\u00a0chefadomicilebordeaux.com\u00a0<\/span>ou via des formulaires sous format papier.<\/p>\n<p>Quel que soit le support de la collecte, le caract\u00e8re facultatif ou obligatoire des r\u00e9ponses est indiqu\u00e9 dans les formulaires.<\/p>\n<p>Si vous ne souhaitez pas fournir un ou plusieurs renseignements obligatoires, vous \u00eates inform\u00e9s que vous ne pourrez pas acc\u00e9der \u00e0 certains services ou fonctionnalit\u00e9s du site.<\/p>\n<p>Les informations facultatives ont pour objectif de nous aider \u00e0 mieux vous conna\u00eetre et n\u2019emp\u00eachent pas l\u2019utilisation du site.<\/p>\n<p>Nous collectons vos donn\u00e9es de mani\u00e8re loyale et transparente gr\u00e2ce \u00e0 la mention d\u2019informations sur les formulaires ou au renvoi \u00e0 la pr\u00e9sente Politique.<\/p>\n<ol start=\"4\">\n<li><strong>Qui collecte vos donn\u00e9es \u00e0 caract\u00e8re personnel et pour quelles finalit\u00e9s\u202f?<\/strong><\/li>\n<\/ol>\n<p>Les donn\u00e9es \u00e0 caract\u00e8re personnel que vous nous communiquez via le site en remplissant le formulaire d\u2019inscription sont recueillies et collect\u00e9es par Jean-Pierre en qualit\u00e9 de responsable de traitement.<\/p>\n<p>Nous nous engageons \u00e0 ne collecter vos Donn\u00e9es \u00e0 caract\u00e8re personnel que pour des finalit\u00e9s pr\u00e9cises, explicites et l\u00e9gitimes et \u00e0 les traiter dans le respect des finalit\u00e9s \u00e9nonc\u00e9es ci-apr\u00e8s\u00a0:<\/p>\n<ul>\n<li>(i) \u00e0 des fins de traitement de votre demande d\u2019informations\u00a0;<\/li>\n<li>(ii) \u00e0 des fins d\u2019identification pour permettre l\u2019acc\u00e8s au service\u00a0;<\/li>\n<li>(iii) \u00e0 des fins statistiques.<\/li>\n<\/ul>\n<p>&nbsp;<\/p>\n<ol start=\"5\">\n<li><strong>Qui peut acc\u00e9der \u00e0 vos donn\u00e9es \u00e0 caract\u00e8re personnel\u00a0?<\/strong><\/li>\n<\/ol>\n<p>Jean-Pierre est destinataire de vos Donn\u00e9es \u00e0 caract\u00e8re personnel pour le traitement de vos demandes.<\/p>\n<ol start=\"6\">\n<li><strong>Quelle est la dur\u00e9e de conservation de vos Donn\u00e9es \u00e0 caract\u00e8re personnel\u00a0?<\/strong><\/li>\n<\/ol>\n<p>Vos donn\u00e9es \u00e0 caract\u00e8re personnel sont trait\u00e9es et conserv\u00e9es dans des espaces de stockage s\u00e9curis\u00e9s pendant la dur\u00e9e n\u00e9cessaire au traitement de votre demande.<\/p>\n<ol start=\"7\">\n<li><strong>Quels sont vos droits sur les Donn\u00e9es \u00e0 caract\u00e8re personnel que vous communiquez\u00a0?<\/strong><\/li>\n<\/ol>\n<p><strong><em>7.1 Droit d\u2019acc\u00e8s, de rectification et d\u2019opposition<\/em><\/strong><\/p>\n<p>Conform\u00e9ment \u00e0 l\u2019article 40 de la loi Informatique et Libert\u00e9s, vous \u00eates inform\u00e9s que vous disposez d\u2019un droit d\u2019acc\u00e8s et de rectification vous permettant, le cas \u00e9ch\u00e9ant, de faire rectifier, compl\u00e9ter ou mettre \u00e0 jour vos Donn\u00e9es \u00e0 caract\u00e8re personnel qui sont inexactes, incompl\u00e8tes, \u00e9quivoques, p\u00e9rim\u00e9es ou dont l\u2019utilisation et la conservation serait interdite.<\/p>\n<p>Vous disposez \u00e9galement du droit, pour des motifs l\u00e9gitimes, de vous opposer au traitement de vos Donn\u00e9es.<\/p>\n<p><strong><em>7.2 Droit de d\u00e9finir des directives particuli\u00e8res relatives \u00e0 la conservation, \u00e0 l\u2019effacement ou \u00e0 la communication de vos donn<\/em><\/strong><strong><em>\u00e9es apr\u00e8s votre d\u00e9c\u00e8s<\/em><\/strong><\/p>\n<p>Conform\u00e9ment \u00e0 l\u2019article 40 de la loi\u00a0Informatique et Libert\u00e9s\u00a0modifi\u00e9e par les dispositions de la loi pour une R\u00e9publique Num\u00e9rique du 7 octobre 2016, vous pouvez d\u00e9finir des directives relatives \u00e0 la conservation, l\u2019effacement ou la communication de vos Donn\u00e9es \u00e0 Caract\u00e8re Personnel apr\u00e8s votre d\u00e9c\u00e8s. Vous \u00eates inform\u00e9s que\u00a0 (i) vous pouvez librement\u00a0 d\u00e9signer une personne charg\u00e9e de l\u2019ex\u00e9cution de vos directives et que (ii) vous pouvez modifier ou r\u00e9voquer vos directives \u00e0 tout moment.<\/p>\n<p><strong><em>7.3 Aupr\u00e8s de qui les droits pr\u00e9cit\u00e9s peuvent-ils \u00eatre exerc\u00e9s\u00a0?<\/em><\/strong><\/p>\n<p>Vous pouvez exercer l\u2019ensemble de vos droits d\u2019acc\u00e8s, de rectification, d\u2019opposition et de d\u00e9finir des directives particuli\u00e8res relatives \u00e0 la conservation, \u00e0 l\u2019effacement ou \u00e0 la communication de vos donn\u00e9es apr\u00e8s votre d\u00e9c\u00e8s en vous adressant au D\u00e9l\u00e9gu\u00e9 \u00e0 la Protection des Donn\u00e9es Personnelles de la soci\u00e9t\u00e9 Jean-Pierre :\u00a0<\/p>\n<p>\u2013<span>\u00a0<\/span><u>par courrier \u00e9lectronique \u00e0 l\u2019adresse suivante\u00a0<\/u>:\u00a0<\/p>\n<p><b><a href=\"mailto:info@kartelec.com\">info@kartelec.com<\/a><\/b><\/p>\n<p>Les demandes devront \u00eatre accompagn\u00e9es d\u2019une copie d\u2019un titre d\u2019identit\u00e9 en cours de validit\u00e9.<\/p>\n<p>En cas de difficult\u00e9s dans l\u2019exercice des droits pr\u00e9cit\u00e9s, vous \u00eates inform\u00e9s de votre droit d\u2019introduire une r\u00e9clamation aupr\u00e8s de la Commission Nationale de l\u2019Informatique et des Libert\u00e9s\u00a0:<\/p>\n<p>\u2013<span>\u00a0<\/span><u>par courrier postal \u00e0 l\u2019adresse suivante\u00a0<\/u>: 3 place de Fontenoy \u2013 TSA 80715 \u2013 75334 Paris Cedex 07<\/p>\n<p>\u2013<span>\u00a0<\/span><u>par courrier \u00e9lectronique \u00e0 l\u2019adresse suivante\u00a0<\/u>:<span>\u00a0<\/span><em><a href=\"https:\/\/www.cnil.fr\/fr\/plaintes\">https:\/\/www.cnil.fr\/fr\/plaintes<\/a><\/em><\/p>\n<p>&nbsp;<\/p>\n<ol start=\"8\">\n<li><strong>Vos obligations<\/strong><\/li>\n<\/ol>\n<p>Lorsque vous consultez et utilisez les sites que nous mettons \u00e0 votre disposition, vous \u00eates tenus de respecter les dispositions de la loi \u00ab\u00a0Informatique et Libert\u00e9s\u00a0\u00bb.<\/p>\n<p>A ce titre, vous devez notamment vous abstenir de toute collecte, traitement, utilisation d\u00e9tourn\u00e9e des Donn\u00e9es \u00e0 caract\u00e8re personnel auxquels vous pourriez acc\u00e9der dans le cadre de l\u2019utilisation des services que nous mettons \u00e0 votre disposition.<\/p>\n<p>Vous \u00eates inform\u00e9s que le non-respect de la loi \u00ab Informatique et Libert\u00e9s\u00a0\u00bb vous expose \u00e0 des sanctions civiles et p\u00e9nales.<\/p>\n<p>Vous devez \u00e9galement vous abstenir de tout acte susceptible de porter atteinte \u00e0 la vie priv\u00e9e ou \u00e0 la r\u00e9putation des personnes.<\/p>\n<p>Nous vous rappelons que nous ne sommes pas responsables des contenus et des informations que vous nous communiquez via les formulaires.<\/p>\n<p>&nbsp;<\/p>\n<ol start=\"9\">\n<li><strong>Comment assurons-nous la s\u00e9curit\u00e9 et la confidentialit\u00e9 de vos Donn\u00e9es\u00a0?<\/strong><\/li>\n<\/ol>\n<p>Nous prenons toutes les mesures de protection utiles et ad\u00e9quates pour assurer la confidentialit\u00e9 et la s\u00e9curit\u00e9 des Donn\u00e9es \u00e0 caract\u00e8re personnel qui vous concernent et emp\u00eacher que lesdites donn\u00e9es ne soient endommag\u00e9s, effac\u00e9es ou d\u00e9truites, ou que des tiers non autoris\u00e9s y aient acc\u00e8s.<\/p>\n<p>Nous vous informons que l\u2019acc\u00e8s \u00e0 vos Donn\u00e9es \u00e0 caract\u00e8re personnel est strictement limit\u00e9 aux personnes habilit\u00e9es en raison de leurs fonctions et qui sont tenues par une obligation de confidentialit\u00e9.<\/p>\n<p>[\/et_pb_text][\/et_pb_column][\/et_pb_row][\/et_pb_section]<\/p>\n","protected":false},"excerpt":{"rendered":"<p>Politique de confidentialit\u00e9 De mani\u00e8re g\u00e9n\u00e9rale, vous n\u2019\u00eates pas tenu de nous communiquer vos donn\u00e9es personnelles lorsque vous visitez notre site Internet https:\/\/kartelec.fr\/ Cependant, ce principe comporte certaines exceptions. L\u2019objectif de la pr\u00e9sente Politique de confidentialit\u00e9 est de vous informer des cat\u00e9gories d\u2019informations que nous recueillons dans le cadre de nos services, de la mani\u00e8re [&hellip;]<\/p>\n","protected":false},"author":1,"featured_media":0,"parent":0,"menu_order":0,"comment_status":"closed","ping_status":"closed","template":"","meta":{"_seopress_robots_primary_cat":"","_seopress_titles_title":"","_seopress_titles_desc":"","_seopress_robots_index":"","_et_pb_use_builder":"on","_et_pb_old_content":"<!-- wp:divi\/placeholder \/-->","_et_gb_content_width":"","footnotes":""},"class_list":["post-254","page","type-page","status-publish","hentry"],"yoast_head":"<!-- This site is optimized with the Yoast SEO plugin v27.5 - https:\/\/yoast.com\/product\/yoast-seo-wordpress\/ -->\n<title>Politique de confidentialit\u00e9 - Kartelec<\/title>\n<meta name=\"robots\" content=\"index, follow, max-snippet:-1, max-image-preview:large, max-video-preview:-1\" \/>\n<link rel=\"canonical\" href=\"https:\/\/kartelec.fr\/?page_id=254\" \/>\n<meta property=\"og:locale\" content=\"fr_FR\" \/>\n<meta property=\"og:type\" content=\"article\" \/>\n<meta property=\"og:title\" content=\"Politique de confidentialit\u00e9 - Kartelec\" \/>\n<meta property=\"og:description\" content=\"Politique de confidentialit\u00e9 De mani\u00e8re g\u00e9n\u00e9rale, vous n\u2019\u00eates pas tenu de nous communiquer vos donn\u00e9es personnelles lorsque vous visitez notre site Internet https:\/\/kartelec.fr\/ Cependant, ce principe comporte certaines exceptions. L\u2019objectif de la pr\u00e9sente Politique de confidentialit\u00e9 est de vous informer des cat\u00e9gories d\u2019informations que nous recueillons dans le cadre de nos services, de la mani\u00e8re [&hellip;]\" \/>\n<meta property=\"og:url\" content=\"https:\/\/kartelec.fr\/?page_id=254\" \/>\n<meta property=\"og:site_name\" content=\"Kartelec\" \/>\n<meta property=\"article:modified_time\" content=\"2022-02-14T16:50:28+00:00\" \/>\n<meta name=\"twitter:card\" content=\"summary_large_image\" \/>\n<script type=\"application\/ld+json\" class=\"yoast-schema-graph\">{\"@context\":\"https:\\\/\\\/schema.org\",\"@graph\":[{\"@type\":\"WebPage\",\"@id\":\"https:\\\/\\\/kartelec.fr\\\/?page_id=254\",\"url\":\"https:\\\/\\\/kartelec.fr\\\/?page_id=254\",\"name\":\"Politique de confidentialit\u00e9 - Kartelec\",\"isPartOf\":{\"@id\":\"https:\\\/\\\/kartelec.fr\\\/#website\"},\"datePublished\":\"2022-02-14T16:23:19+00:00\",\"dateModified\":\"2022-02-14T16:50:28+00:00\",\"breadcrumb\":{\"@id\":\"https:\\\/\\\/kartelec.fr\\\/?page_id=254#breadcrumb\"},\"inLanguage\":\"fr-FR\",\"potentialAction\":[{\"@type\":\"ReadAction\",\"target\":[\"https:\\\/\\\/kartelec.fr\\\/?page_id=254\"]}]},{\"@type\":\"BreadcrumbList\",\"@id\":\"https:\\\/\\\/kartelec.fr\\\/?page_id=254#breadcrumb\",\"itemListElement\":[{\"@type\":\"ListItem\",\"position\":1,\"name\":\"Accueil\",\"item\":\"https:\\\/\\\/kartelec.fr\\\/\"},{\"@type\":\"ListItem\",\"position\":2,\"name\":\"Politique de confidentialit\u00e9\"}]},{\"@type\":\"WebSite\",\"@id\":\"https:\\\/\\\/kartelec.fr\\\/#website\",\"url\":\"https:\\\/\\\/kartelec.fr\\\/\",\"name\":\"Kartelec\",\"description\":\"L&#039;actualit\u00e9 du karting \u00e9lectrique\",\"potentialAction\":[{\"@type\":\"SearchAction\",\"target\":{\"@type\":\"EntryPoint\",\"urlTemplate\":\"https:\\\/\\\/kartelec.fr\\\/?s={search_term_string}\"},\"query-input\":{\"@type\":\"PropertyValueSpecification\",\"valueRequired\":true,\"valueName\":\"search_term_string\"}}],\"inLanguage\":\"fr-FR\"}]}<\/script>\n<!-- \/ Yoast SEO plugin. -->","yoast_head_json":{"title":"Politique de confidentialit\u00e9 - Kartelec","robots":{"index":"index","follow":"follow","max-snippet":"max-snippet:-1","max-image-preview":"max-image-preview:large","max-video-preview":"max-video-preview:-1"},"canonical":"https:\/\/kartelec.fr\/?page_id=254","og_locale":"fr_FR","og_type":"article","og_title":"Politique de confidentialit\u00e9 - Kartelec","og_description":"Politique de confidentialit\u00e9 De mani\u00e8re g\u00e9n\u00e9rale, vous n\u2019\u00eates pas tenu de nous communiquer vos donn\u00e9es personnelles lorsque vous visitez notre site Internet https:\/\/kartelec.fr\/ Cependant, ce principe comporte certaines exceptions. L\u2019objectif de la pr\u00e9sente Politique de confidentialit\u00e9 est de vous informer des cat\u00e9gories d\u2019informations que nous recueillons dans le cadre de nos services, de la mani\u00e8re [&hellip;]","og_url":"https:\/\/kartelec.fr\/?page_id=254","og_site_name":"Kartelec","article_modified_time":"2022-02-14T16:50:28+00:00","twitter_card":"summary_large_image","schema":{"@context":"https:\/\/schema.org","@graph":[{"@type":"WebPage","@id":"https:\/\/kartelec.fr\/?page_id=254","url":"https:\/\/kartelec.fr\/?page_id=254","name":"Politique de confidentialit\u00e9 - Kartelec","isPartOf":{"@id":"https:\/\/kartelec.fr\/#website"},"datePublished":"2022-02-14T16:23:19+00:00","dateModified":"2022-02-14T16:50:28+00:00","breadcrumb":{"@id":"https:\/\/kartelec.fr\/?page_id=254#breadcrumb"},"inLanguage":"fr-FR","potentialAction":[{"@type":"ReadAction","target":["https:\/\/kartelec.fr\/?page_id=254"]}]},{"@type":"BreadcrumbList","@id":"https:\/\/kartelec.fr\/?page_id=254#breadcrumb","itemListElement":[{"@type":"ListItem","position":1,"name":"Accueil","item":"https:\/\/kartelec.fr\/"},{"@type":"ListItem","position":2,"name":"Politique de confidentialit\u00e9"}]},{"@type":"WebSite","@id":"https:\/\/kartelec.fr\/#website","url":"https:\/\/kartelec.fr\/","name":"Kartelec","description":"L&#039;actualit\u00e9 du karting \u00e9lectrique","potentialAction":[{"@type":"SearchAction","target":{"@type":"EntryPoint","urlTemplate":"https:\/\/kartelec.fr\/?s={search_term_string}"},"query-input":{"@type":"PropertyValueSpecification","valueRequired":true,"valueName":"search_term_string"}}],"inLanguage":"fr-FR"}]}},"_links":{"self":[{"href":"https:\/\/kartelec.fr\/index.php?rest_route=\/wp\/v2\/pages\/254","targetHints":{"allow":["GET"]}}],"collection":[{"href":"https:\/\/kartelec.fr\/index.php?rest_route=\/wp\/v2\/pages"}],"about":[{"href":"https:\/\/kartelec.fr\/index.php?rest_route=\/wp\/v2\/types\/page"}],"author":[{"embeddable":true,"href":"https:\/\/kartelec.fr\/index.php?rest_route=\/wp\/v2\/users\/1"}],"replies":[{"embeddable":true,"href":"https:\/\/kartelec.fr\/index.php?rest_route=%2Fwp%2Fv2%2Fcomments&post=254"}],"version-history":[{"count":3,"href":"https:\/\/kartelec.fr\/index.php?rest_route=\/wp\/v2\/pages\/254\/revisions"}],"predecessor-version":[{"id":265,"href":"https:\/\/kartelec.fr\/index.php?rest_route=\/wp\/v2\/pages\/254\/revisions\/265"}],"wp:attachment":[{"href":"https:\/\/kartelec.fr\/index.php?rest_route=%2Fwp%2Fv2%2Fmedia&parent=254"}],"curies":[{"name":"wp","href":"https:\/\/api.w.org\/{rel}","templated":true}]}}