{"id":69,"date":"2022-02-01T19:08:23","date_gmt":"2022-02-01T19:08:23","guid":{"rendered":"https:\/\/kartelec.fr\/?page_id=69"},"modified":"2022-04-20T14:48:17","modified_gmt":"2022-04-20T14:48:17","slug":"qui-sommes-nous-kart-elec","status":"publish","type":"page","link":"https:\/\/kartelec.fr\/?page_id=69","title":{"rendered":"Qui sommes nous ?"},"content":{"rendered":"<p>[et_pb_section fb_built=\u00a0\u00bb1&Prime; admin_label=\u00a0\u00bbHero\u00a0\u00bb _builder_version=\u00a0\u00bb4.14.7&Prime; use_background_color_gradient=\u00a0\u00bbon\u00a0\u00bb background_color_gradient_start=\u00a0\u00bbrgba(40,40,40,0.79)\u00a0\u00bb background_color_gradient_end=\u00a0\u00bbrgba(40,40,40,0.86)\u00a0\u00bb background_color_gradient_type=\u00a0\u00bbradial\u00a0\u00bb background_color_gradient_direction_radial=\u00a0\u00bbtop left\u00a0\u00bb background_color_gradient_overlays_image=\u00a0\u00bbon\u00a0\u00bb background_image=\u00a0\u00bbhttps:\/\/kartelec.fr\/wp-content\/uploads\/2022\/02\/kartelec_theme_vierzon.jpg\u00a0\u00bb custom_margin=\u00a0\u00bb||||false\u00a0\u00bb custom_padding=\u00a0\u00bb10vw||10vw||true|false\u00a0\u00bb global_colors_info=\u00a0\u00bb{}\u00a0\u00bb][et_pb_row _builder_version=\u00a0\u00bb4.14.7&Prime; global_colors_info=\u00a0\u00bb{}\u00a0\u00bb][et_pb_column type=\u00a0\u00bb4_4&Prime; _builder_version=\u00a0\u00bb3.25&Prime; custom_padding=\u00a0\u00bb|||\u00a0\u00bb global_colors_info=\u00a0\u00bb{}\u00a0\u00bb custom_padding__hover=\u00a0\u00bb|||\u00a0\u00bb][et_pb_text _builder_version=\u00a0\u00bb4.14.7&Prime; text_font=\u00a0\u00bb||||||||\u00a0\u00bb header_font=\u00a0\u00bbRubik|700|||||||\u00a0\u00bb header_font_size=\u00a0\u00bb45px\u00a0\u00bb header_line_height=\u00a0\u00bb1.1em\u00a0\u00bb background_layout=\u00a0\u00bbdark\u00a0\u00bb max_width=\u00a0\u00bb800px\u00a0\u00bb custom_margin=\u00a0\u00bb||0px|\u00a0\u00bb custom_padding=\u00a0\u00bb14px|||16px||\u00a0\u00bb text_font_size_tablet=\u00a0\u00bb14px\u00a0\u00bb text_font_size_last_edited=\u00a0\u00bboff|desktop\u00a0\u00bb header_font_size_tablet=\u00a0\u00bb44px\u00a0\u00bb header_font_size_phone=\u00a0\u00bb32px\u00a0\u00bb header_font_size_last_edited=\u00a0\u00bbon|phone\u00a0\u00bb border_color_all=\u00a0\u00bb#ec7404&Prime; border_width_left=\u00a0\u00bb10px\u00a0\u00bb inline_fonts=\u00a0\u00bbAbhaya Libre\u00a0\u00bb global_colors_info=\u00a0\u00bb{}\u00a0\u00bb]<\/p>\n<h1><span style=\"font-family: inherit; font-weight: normal;\">Qui sommes-nous ?<\/span><\/h1>\n<p>[\/et_pb_text][et_pb_text _builder_version=\u00a0\u00bb4.14.7&Prime; text_font=\u00a0\u00bbLato||||||||\u00a0\u00bb text_font_size=\u00a0\u00bb22px\u00a0\u00bb text_line_height=\u00a0\u00bb1.6em\u00a0\u00bb header_font=\u00a0\u00bb||||||||\u00a0\u00bb background_layout=\u00a0\u00bbdark\u00a0\u00bb max_width=\u00a0\u00bb800px\u00a0\u00bb custom_margin=\u00a0\u00bb|||\u00a0\u00bb custom_padding=\u00a0\u00bb20px||20px||true\u00a0\u00bb text_font_size_tablet=\u00a0\u00bb18px\u00a0\u00bb text_font_size_phone=\u00a0\u00bb\u00a0\u00bb text_font_size_last_edited=\u00a0\u00bbon|phone\u00a0\u00bb global_colors_info=\u00a0\u00bb{}\u00a0\u00bb]<\/p>\n<p><span>Nous sommes des passionn\u00e9s de Karting appartenant au m\u00eame club, <\/span><a href=\"http:\/\/kartelec.com\/mmkart.htm\" target=\"_blank\" rel=\"noopener\">MM Kart 16<\/a><span>, qui a pour but de faciliter la pratique d&rsquo;un sport m\u00e9canique en organisant des courses dans une atmosph\u00e8re conviviale et dans le respect de l&rsquo;esprit sportif.<\/span><\/p>\n<p>[\/et_pb_text][et_pb_button button_url=\u00a0\u00bbhttps:\/\/kartelec.fr\/?page_id=176&Prime; button_text=\u00a0\u00bbContactez nous\u00a0\u00bb _builder_version=\u00a0\u00bb4.14.7&Prime; custom_button=\u00a0\u00bbon\u00a0\u00bb button_text_size=\u00a0\u00bb14px\u00a0\u00bb button_bg_color=\u00a0\u00bb#ec7404&Prime; button_border_width=\u00a0\u00bb12px\u00a0\u00bb button_border_color=\u00a0\u00bb#ec7404&Prime; button_border_radius=\u00a0\u00bb0px\u00a0\u00bb button_letter_spacing=\u00a0\u00bb4px\u00a0\u00bb button_font=\u00a0\u00bbRubik|700||on|||||\u00a0\u00bb button_icon=\u00a0\u00bb&#x24;||divi||400&Prime; background_layout=\u00a0\u00bbdark\u00a0\u00bb custom_margin=\u00a0\u00bb|||\u00a0\u00bb global_colors_info=\u00a0\u00bb{}\u00a0\u00bb button_text_size__hover_enabled=\u00a0\u00bboff\u00a0\u00bb button_one_text_size__hover_enabled=\u00a0\u00bboff\u00a0\u00bb button_two_text_size__hover_enabled=\u00a0\u00bboff\u00a0\u00bb button_text_color__hover_enabled=\u00a0\u00bboff\u00a0\u00bb button_one_text_color__hover_enabled=\u00a0\u00bboff\u00a0\u00bb button_two_text_color__hover_enabled=\u00a0\u00bboff\u00a0\u00bb button_border_width__hover_enabled=\u00a0\u00bboff\u00a0\u00bb button_one_border_width__hover_enabled=\u00a0\u00bboff\u00a0\u00bb button_two_border_width__hover_enabled=\u00a0\u00bboff\u00a0\u00bb button_border_color__hover_enabled=\u00a0\u00bboff\u00a0\u00bb button_one_border_color__hover_enabled=\u00a0\u00bboff\u00a0\u00bb button_two_border_color__hover_enabled=\u00a0\u00bboff\u00a0\u00bb button_border_radius__hover_enabled=\u00a0\u00bboff\u00a0\u00bb button_one_border_radius__hover_enabled=\u00a0\u00bboff\u00a0\u00bb button_two_border_radius__hover_enabled=\u00a0\u00bboff\u00a0\u00bb button_letter_spacing__hover_enabled=\u00a0\u00bboff\u00a0\u00bb button_one_letter_spacing__hover_enabled=\u00a0\u00bboff\u00a0\u00bb button_two_letter_spacing__hover_enabled=\u00a0\u00bboff\u00a0\u00bb button_bg_color__hover_enabled=\u00a0\u00bboff\u00a0\u00bb button_one_bg_color__hover_enabled=\u00a0\u00bboff\u00a0\u00bb button_two_bg_color__hover_enabled=\u00a0\u00bboff\u00a0\u00bb][\/et_pb_button][\/et_pb_column][\/et_pb_row][\/et_pb_section][et_pb_section fb_built=\u00a0\u00bb1&Prime; admin_label=\u00a0\u00bbAbout\u00a0\u00bb _builder_version=\u00a0\u00bb3.22&Prime; global_colors_info=\u00a0\u00bb{}\u00a0\u00bb][et_pb_row _builder_version=\u00a0\u00bb3.25&Prime; global_colors_info=\u00a0\u00bb{}\u00a0\u00bb][et_pb_column type=\u00a0\u00bb4_4&Prime; _builder_version=\u00a0\u00bb3.25&Prime; custom_padding=\u00a0\u00bb|||\u00a0\u00bb global_colors_info=\u00a0\u00bb{}\u00a0\u00bb custom_padding__hover=\u00a0\u00bb|||\u00a0\u00bb][et_pb_text _builder_version=\u00a0\u00bb4.14.7&Prime; text_font=\u00a0\u00bbLato||||||||\u00a0\u00bb text_text_color=\u00a0\u00bb#0A0000&Prime; text_font_size=\u00a0\u00bb17px\u00a0\u00bb text_line_height=\u00a0\u00bb1.8em\u00a0\u00bb custom_padding=\u00a0\u00bb|||\u00a0\u00bb custom_padding_tablet=\u00a0\u00bb|40px||40px||true\u00a0\u00bb custom_padding_last_edited=\u00a0\u00bboff|desktop\u00a0\u00bb locked=\u00a0\u00bboff\u00a0\u00bb global_colors_info=\u00a0\u00bb{}\u00a0\u00bb]<\/p>\n<p><span style=\"font-size: 13.0pt; font-family: 'Arial',sans-serif;\">Nous souhaitons par ailleurs partager notre go\u00fbt du karting avec le plus grand nombre \u00e0 travers la d\u00e9couverte du kart \u00e9lectrique. En effet, contrairement \u00e0 la version en propulsion thermique, le kart \u00e9lectrique est propre, silencieux, ne d\u00e9gage pas d\u2019odeur et surtout peut \u00eatre r\u00e9gl\u00e9 en fonction de la dext\u00e9rit\u00e9 de son pilote.<o:p><\/o:p><\/span><\/p>\n<p>[\/et_pb_text][\/et_pb_column][\/et_pb_row][\/et_pb_section][et_pb_section fb_built=\u00a0\u00bb1&Prime; admin_label=\u00a0\u00bbFAQ\u00a0\u00bb _builder_version=\u00a0\u00bb3.22&Prime; background_color=\u00a0\u00bb#f7f7f7&Prime; global_colors_info=\u00a0\u00bb{}\u00a0\u00bb][et_pb_row column_structure=\u00a0\u00bb1_3,2_3&Prime; _builder_version=\u00a0\u00bb4.14.7&Prime; global_colors_info=\u00a0\u00bb{}\u00a0\u00bb][et_pb_column type=\u00a0\u00bb1_3&Prime; _builder_version=\u00a0\u00bb4.14.7&Prime; custom_padding=\u00a0\u00bb|||\u00a0\u00bb global_colors_info=\u00a0\u00bb{}\u00a0\u00bb custom_padding__hover=\u00a0\u00bb|||\u00a0\u00bb][et_pb_text _builder_version=\u00a0\u00bb4.14.7&Prime; text_font=\u00a0\u00bb||||||||\u00a0\u00bb header_font=\u00a0\u00bb||||||||\u00a0\u00bb header_2_font=\u00a0\u00bbRubik|700|||||||\u00a0\u00bb header_2_font_size=\u00a0\u00bb35px\u00a0\u00bb header_2_line_height=\u00a0\u00bb1.2em\u00a0\u00bb custom_margin=\u00a0\u00bb|||\u00a0\u00bb custom_padding=\u00a0\u00bb|||\u00a0\u00bb header_2_font_size_tablet=\u00a0\u00bb\u00a0\u00bb header_2_font_size_phone=\u00a0\u00bb36px\u00a0\u00bb header_2_font_size_last_edited=\u00a0\u00bbon|phone\u00a0\u00bb locked=\u00a0\u00bboff\u00a0\u00bb global_colors_info=\u00a0\u00bb{}\u00a0\u00bb]<\/p>\n<h2>F.A.Q.<\/h2>\n<p>[\/et_pb_text][et_pb_divider divider_position=\u00a0\u00bbcenter\u00a0\u00bb divider_weight=\u00a0\u00bb5px\u00a0\u00bb _builder_version=\u00a0\u00bb4.14.7&Prime; max_width=\u00a0\u00bb50px\u00a0\u00bb locked=\u00a0\u00bboff\u00a0\u00bb global_colors_info=\u00a0\u00bb{}\u00a0\u00bb][\/et_pb_divider][et_pb_text _builder_version=\u00a0\u00bb4.14.7&Prime; text_font=\u00a0\u00bbLato||||||||\u00a0\u00bb text_text_color=\u00a0\u00bb#0A0000&Prime; text_font_size=\u00a0\u00bb17px\u00a0\u00bb text_line_height=\u00a0\u00bb1.8em\u00a0\u00bb locked=\u00a0\u00bboff\u00a0\u00bb global_colors_info=\u00a0\u00bb{}\u00a0\u00bb]<\/p>\n<p>Voici notre F.A.Q. avec nos questions pr\u00e9f\u00e9r\u00e9es.<\/p>\n<p>[\/et_pb_text][\/et_pb_column][et_pb_column type=\u00a0\u00bb2_3&Prime; _builder_version=\u00a0\u00bb4.14.7&Prime; custom_padding=\u00a0\u00bb|||\u00a0\u00bb global_colors_info=\u00a0\u00bb{}\u00a0\u00bb custom_padding__hover=\u00a0\u00bb|||\u00a0\u00bb][\/et_pb_column][\/et_pb_row][\/et_pb_section][et_pb_section fb_built=\u00a0\u00bb1&Prime; admin_label=\u00a0\u00bbContact Us\u00a0\u00bb _builder_version=\u00a0\u00bb4.14.7&Prime; background_color=\u00a0\u00bbrgba(0,0,0,0.75)\u00a0\u00bb background_image=\u00a0\u00bbhttps:\/\/kartelec.fr\/wp-content\/uploads\/2022\/02\/20140803_bizecovolt1.jpg\u00a0\u00bb background_blend=\u00a0\u00bbcolor\u00a0\u00bb custom_padding=\u00a0\u00bb100px|0px|100px|0px\u00a0\u00bb locked=\u00a0\u00bboff\u00a0\u00bb collapsed=\u00a0\u00bboff\u00a0\u00bb global_colors_info=\u00a0\u00bb{}\u00a0\u00bb][et_pb_row make_equal=\u00a0\u00bbon\u00a0\u00bb _builder_version=\u00a0\u00bb4.14.7&Prime; background_size=\u00a0\u00bbinitial\u00a0\u00bb background_position=\u00a0\u00bbtop_left\u00a0\u00bb background_repeat=\u00a0\u00bbrepeat\u00a0\u00bb max_width=\u00a0\u00bb1280px\u00a0\u00bb custom_margin=\u00a0\u00bb|||\u00a0\u00bb custom_padding=\u00a0\u00bb|||\u00a0\u00bb use_custom_width=\u00a0\u00bbon\u00a0\u00bb custom_width_px=\u00a0\u00bb1280px\u00a0\u00bb global_colors_info=\u00a0\u00bb{}\u00a0\u00bb][et_pb_column type=\u00a0\u00bb4_4&Prime; _builder_version=\u00a0\u00bb3.25&Prime; background_color=\u00a0\u00bb#1f1f1f\u00a0\u00bb custom_padding=\u00a0\u00bb100px|5%|100px|5%\u00a0\u00bb global_colors_info=\u00a0\u00bb{}\u00a0\u00bb custom_padding__hover=\u00a0\u00bb|||\u00a0\u00bb][et_pb_text _builder_version=\u00a0\u00bb4.14.7&Prime; text_font=\u00a0\u00bbPlayfair Display||||\u00a0\u00bb text_font_size=\u00a0\u00bb30px\u00a0\u00bb text_line_height=\u00a0\u00bb1.3em\u00a0\u00bb header_font=\u00a0\u00bb||||||||\u00a0\u00bb header_3_font=\u00a0\u00bbRubik|700|||||||\u00a0\u00bb header_3_font_size=\u00a0\u00bb30px\u00a0\u00bb header_3_line_height=\u00a0\u00bb1.3em\u00a0\u00bb background_size=\u00a0\u00bbinitial\u00a0\u00bb background_position=\u00a0\u00bbtop_left\u00a0\u00bb background_repeat=\u00a0\u00bbrepeat\u00a0\u00bb text_orientation=\u00a0\u00bbcenter\u00a0\u00bb background_layout=\u00a0\u00bbdark\u00a0\u00bb max_width=\u00a0\u00bb400px\u00a0\u00bb module_alignment=\u00a0\u00bbcenter\u00a0\u00bb custom_padding=\u00a0\u00bb||30px|\u00a0\u00bb global_colors_info=\u00a0\u00bb{}\u00a0\u00bb]<\/p>\n<h3>Contact<\/h3>\n<p>[\/et_pb_text][et_pb_text _builder_version=\u00a0\u00bb4.14.7&Prime; text_font=\u00a0\u00bbLato||||||||\u00a0\u00bb text_text_color=\u00a0\u00bb#FFFFFF\u00a0\u00bb text_font_size=\u00a0\u00bb15px\u00a0\u00bb text_line_height=\u00a0\u00bb1.8em\u00a0\u00bb text_orientation=\u00a0\u00bbcenter\u00a0\u00bb width=\u00a0\u00bb70%\u00a0\u00bb module_alignment=\u00a0\u00bbcenter\u00a0\u00bb custom_margin=\u00a0\u00bb3px|||||\u00a0\u00bb custom_padding=\u00a0\u00bb|||\u00a0\u00bb custom_padding_tablet=\u00a0\u00bb|40px||40px||true\u00a0\u00bb custom_padding_last_edited=\u00a0\u00bboff|desktop\u00a0\u00bb hover_enabled=\u00a0\u00bb0&Prime; locked=\u00a0\u00bboff\u00a0\u00bb inline_fonts=\u00a0\u00bbAbril Fatface,Aclonica,Abel,ABeeZee\u00a0\u00bb global_colors_info=\u00a0\u00bb{}\u00a0\u00bb max_width=\u00a0\u00bb70%\u00a0\u00bb sticky_enabled=\u00a0\u00bb0&Prime;]<\/p>\n<p>&nbsp;<\/p>\n<p style=\"text-align: center;\">Vous \u00eates constructeurs, vous avez un projet de piste, vous souhaitez organiser une manifestation&#8230; Pour toute information, contactez Jean-Pierre.<\/p>\n<p style=\"text-align: center;\"><span style=\"font-family: Abel; font-size: large; font-weight: normal;\"><b><a href=\"mailto:info@kartelec.com\">kartelec.web@orange.fr<\/a><\/b><\/span><\/p>\n<p><span><\/span><\/p>\n<p>[\/et_pb_text][et_pb_divider show_divider=\u00a0\u00bboff\u00a0\u00bb disabled_on=\u00a0\u00bbon|on|off%22%22%22%22&Prime; _builder_version=\u00a0\u00bb3.2&Prime; max_width=\u00a0\u00bb400px\u00a0\u00bb module_alignment=\u00a0\u00bbcenter\u00a0\u00bb height=\u00a0\u00bb2px\u00a0\u00bb custom_margin=\u00a0\u00bb||0px|\u00a0\u00bb custom_padding=\u00a0\u00bb|||\u00a0\u00bb animation_style=\u00a0\u00bbzoom\u00a0\u00bb animation_intensity_zoom=\u00a0\u00bb20%\u00a0\u00bb global_colors_info=\u00a0\u00bb{}\u00a0\u00bb][\/et_pb_divider][et_pb_divider show_divider=\u00a0\u00bboff\u00a0\u00bb disabled_on=\u00a0\u00bbon|on|off%22%22%22%22&Prime; _builder_version=\u00a0\u00bb3.2&Prime; max_width=\u00a0\u00bb400px\u00a0\u00bb module_alignment=\u00a0\u00bbcenter\u00a0\u00bb height=\u00a0\u00bb2px\u00a0\u00bb custom_margin=\u00a0\u00bb||0px|\u00a0\u00bb custom_padding=\u00a0\u00bb|||\u00a0\u00bb animation_style=\u00a0\u00bbzoom\u00a0\u00bb animation_intensity_zoom=\u00a0\u00bb20%\u00a0\u00bb locked=\u00a0\u00bboff\u00a0\u00bb global_colors_info=\u00a0\u00bb{}\u00a0\u00bb][\/et_pb_divider][\/et_pb_column][\/et_pb_row][\/et_pb_section]<\/p>\n","protected":false},"excerpt":{"rendered":"<p>Qui sommes-nous ?Nous sommes des passionn\u00e9s de Karting appartenant au m\u00eame club, MM Kart 16, qui a pour but de faciliter la pratique d&rsquo;un sport m\u00e9canique en organisant des courses dans une atmosph\u00e8re conviviale et dans le respect de l&rsquo;esprit sportif.Nous souhaitons par ailleurs partager notre go\u00fbt du karting avec le plus grand nombre \u00e0 [&hellip;]<\/p>\n","protected":false},"author":1,"featured_media":141,"parent":0,"menu_order":0,"comment_status":"closed","ping_status":"closed","template":"","meta":{"_seopress_robots_primary_cat":"","_seopress_titles_title":"","_seopress_titles_desc":"","_seopress_robots_index":"","_et_pb_use_builder":"on","_et_pb_old_content":"","_et_gb_content_width":"","footnotes":""},"class_list":["post-69","page","type-page","status-publish","has-post-thumbnail","hentry"],"yoast_head":"<!-- This site is optimized with the Yoast SEO plugin v27.5 - https:\/\/yoast.com\/product\/yoast-seo-wordpress\/ -->\n<title>Qui sommes nous ? - Kartelec<\/title>\n<meta name=\"description\" content=\"Nous sommes 2 passionn\u00e9s de Karting appartenant au m\u00eame club, MM Kart 16, qui a pour but de faciliter la pratique d\u2019un sport cher lors de manifestations organis\u00e9es dans une atmosph\u00e8re conviviale et dans le respect de l\u2019esprit sportif.\" \/>\n<meta name=\"robots\" content=\"index, follow, max-snippet:-1, max-image-preview:large, max-video-preview:-1\" \/>\n<link rel=\"canonical\" href=\"https:\/\/kartelec.fr\/?page_id=69\" \/>\n<meta property=\"og:locale\" content=\"fr_FR\" \/>\n<meta property=\"og:type\" content=\"article\" \/>\n<meta property=\"og:title\" content=\"Qui sommes nous ? - Kartelec\" \/>\n<meta property=\"og:description\" content=\"Nous sommes 2 passionn\u00e9s de Karting appartenant au m\u00eame club, MM Kart 16, qui a pour but de faciliter la pratique d\u2019un sport cher lors de manifestations organis\u00e9es dans une atmosph\u00e8re conviviale et dans le respect de l\u2019esprit sportif.\" \/>\n<meta property=\"og:url\" content=\"https:\/\/kartelec.fr\/?page_id=69\" \/>\n<meta property=\"og:site_name\" content=\"Kartelec\" \/>\n<meta property=\"article:modified_time\" content=\"2022-04-20T14:48:17+00:00\" \/>\n<meta property=\"og:image\" content=\"https:\/\/kartelec.fr\/wp-content\/uploads\/2022\/02\/kartelec_theme_vierzon.jpg\" \/>\n\t<meta property=\"og:image:width\" content=\"800\" \/>\n\t<meta property=\"og:image:height\" content=\"533\" \/>\n\t<meta property=\"og:image:type\" content=\"image\/jpeg\" \/>\n<meta name=\"twitter:card\" content=\"summary_large_image\" \/>\n<meta name=\"twitter:label1\" content=\"Dur\u00e9e de lecture estim\u00e9e\" \/>\n\t<meta name=\"twitter:data1\" content=\"6 minutes\" \/>\n<script type=\"application\/ld+json\" class=\"yoast-schema-graph\">{\"@context\":\"https:\\\/\\\/schema.org\",\"@graph\":[{\"@type\":\"WebPage\",\"@id\":\"https:\\\/\\\/kartelec.fr\\\/?page_id=69\",\"url\":\"https:\\\/\\\/kartelec.fr\\\/?page_id=69\",\"name\":\"Qui sommes nous ? - Kartelec\",\"isPartOf\":{\"@id\":\"https:\\\/\\\/kartelec.fr\\\/#website\"},\"primaryImageOfPage\":{\"@id\":\"https:\\\/\\\/kartelec.fr\\\/?page_id=69#primaryimage\"},\"image\":{\"@id\":\"https:\\\/\\\/kartelec.fr\\\/?page_id=69#primaryimage\"},\"thumbnailUrl\":\"https:\\\/\\\/kartelec.fr\\\/wp-content\\\/uploads\\\/2022\\\/02\\\/kartelec_theme_vierzon.jpg\",\"datePublished\":\"2022-02-01T19:08:23+00:00\",\"dateModified\":\"2022-04-20T14:48:17+00:00\",\"description\":\"Nous sommes 2 passionn\u00e9s de Karting appartenant au m\u00eame club, MM Kart 16, qui a pour but de faciliter la pratique d\u2019un sport cher lors de manifestations organis\u00e9es dans une atmosph\u00e8re conviviale et dans le respect de l\u2019esprit sportif.\",\"breadcrumb\":{\"@id\":\"https:\\\/\\\/kartelec.fr\\\/?page_id=69#breadcrumb\"},\"inLanguage\":\"fr-FR\",\"potentialAction\":[{\"@type\":\"ReadAction\",\"target\":[\"https:\\\/\\\/kartelec.fr\\\/?page_id=69\"]}]},{\"@type\":\"ImageObject\",\"inLanguage\":\"fr-FR\",\"@id\":\"https:\\\/\\\/kartelec.fr\\\/?page_id=69#primaryimage\",\"url\":\"https:\\\/\\\/kartelec.fr\\\/wp-content\\\/uploads\\\/2022\\\/02\\\/kartelec_theme_vierzon.jpg\",\"contentUrl\":\"https:\\\/\\\/kartelec.fr\\\/wp-content\\\/uploads\\\/2022\\\/02\\\/kartelec_theme_vierzon.jpg\",\"width\":800,\"height\":533,\"caption\":\"Nous sommes 2 passionn\u00e9s de Karting appartenant au m\u00eame club, MM Kart 16, qui a pour but de faciliter la pratique d\u2019un sport cher lors de manifestations organis\u00e9es dans une atmosph\u00e8re conviviale et dans le respect de l\u2019esprit sportif.\"},{\"@type\":\"BreadcrumbList\",\"@id\":\"https:\\\/\\\/kartelec.fr\\\/?page_id=69#breadcrumb\",\"itemListElement\":[{\"@type\":\"ListItem\",\"position\":1,\"name\":\"Accueil\",\"item\":\"https:\\\/\\\/kartelec.fr\\\/\"},{\"@type\":\"ListItem\",\"position\":2,\"name\":\"Qui sommes nous ?\"}]},{\"@type\":\"WebSite\",\"@id\":\"https:\\\/\\\/kartelec.fr\\\/#website\",\"url\":\"https:\\\/\\\/kartelec.fr\\\/\",\"name\":\"Kartelec\",\"description\":\"L&#039;actualit\u00e9 du karting \u00e9lectrique\",\"potentialAction\":[{\"@type\":\"SearchAction\",\"target\":{\"@type\":\"EntryPoint\",\"urlTemplate\":\"https:\\\/\\\/kartelec.fr\\\/?s={search_term_string}\"},\"query-input\":{\"@type\":\"PropertyValueSpecification\",\"valueRequired\":true,\"valueName\":\"search_term_string\"}}],\"inLanguage\":\"fr-FR\"}]}<\/script>\n<!-- \/ Yoast SEO plugin. -->","yoast_head_json":{"title":"Qui sommes nous ? - Kartelec","description":"Nous sommes 2 passionn\u00e9s de Karting appartenant au m\u00eame club, MM Kart 16, qui a pour but de faciliter la pratique d\u2019un sport cher lors de manifestations organis\u00e9es dans une atmosph\u00e8re conviviale et dans le respect de l\u2019esprit sportif.","robots":{"index":"index","follow":"follow","max-snippet":"max-snippet:-1","max-image-preview":"max-image-preview:large","max-video-preview":"max-video-preview:-1"},"canonical":"https:\/\/kartelec.fr\/?page_id=69","og_locale":"fr_FR","og_type":"article","og_title":"Qui sommes nous ? - Kartelec","og_description":"Nous sommes 2 passionn\u00e9s de Karting appartenant au m\u00eame club, MM Kart 16, qui a pour but de faciliter la pratique d\u2019un sport cher lors de manifestations organis\u00e9es dans une atmosph\u00e8re conviviale et dans le respect de l\u2019esprit sportif.","og_url":"https:\/\/kartelec.fr\/?page_id=69","og_site_name":"Kartelec","article_modified_time":"2022-04-20T14:48:17+00:00","og_image":[{"width":800,"height":533,"url":"https:\/\/kartelec.fr\/wp-content\/uploads\/2022\/02\/kartelec_theme_vierzon.jpg","type":"image\/jpeg"}],"twitter_card":"summary_large_image","twitter_misc":{"Dur\u00e9e de lecture estim\u00e9e":"6 minutes"},"schema":{"@context":"https:\/\/schema.org","@graph":[{"@type":"WebPage","@id":"https:\/\/kartelec.fr\/?page_id=69","url":"https:\/\/kartelec.fr\/?page_id=69","name":"Qui sommes nous ? - Kartelec","isPartOf":{"@id":"https:\/\/kartelec.fr\/#website"},"primaryImageOfPage":{"@id":"https:\/\/kartelec.fr\/?page_id=69#primaryimage"},"image":{"@id":"https:\/\/kartelec.fr\/?page_id=69#primaryimage"},"thumbnailUrl":"https:\/\/kartelec.fr\/wp-content\/uploads\/2022\/02\/kartelec_theme_vierzon.jpg","datePublished":"2022-02-01T19:08:23+00:00","dateModified":"2022-04-20T14:48:17+00:00","description":"Nous sommes 2 passionn\u00e9s de Karting appartenant au m\u00eame club, MM Kart 16, qui a pour but de faciliter la pratique d\u2019un sport cher lors de manifestations organis\u00e9es dans une atmosph\u00e8re conviviale et dans le respect de l\u2019esprit sportif.","breadcrumb":{"@id":"https:\/\/kartelec.fr\/?page_id=69#breadcrumb"},"inLanguage":"fr-FR","potentialAction":[{"@type":"ReadAction","target":["https:\/\/kartelec.fr\/?page_id=69"]}]},{"@type":"ImageObject","inLanguage":"fr-FR","@id":"https:\/\/kartelec.fr\/?page_id=69#primaryimage","url":"https:\/\/kartelec.fr\/wp-content\/uploads\/2022\/02\/kartelec_theme_vierzon.jpg","contentUrl":"https:\/\/kartelec.fr\/wp-content\/uploads\/2022\/02\/kartelec_theme_vierzon.jpg","width":800,"height":533,"caption":"Nous sommes 2 passionn\u00e9s de Karting appartenant au m\u00eame club, MM Kart 16, qui a pour but de faciliter la pratique d\u2019un sport cher lors de manifestations organis\u00e9es dans une atmosph\u00e8re conviviale et dans le respect de l\u2019esprit sportif."},{"@type":"BreadcrumbList","@id":"https:\/\/kartelec.fr\/?page_id=69#breadcrumb","itemListElement":[{"@type":"ListItem","position":1,"name":"Accueil","item":"https:\/\/kartelec.fr\/"},{"@type":"ListItem","position":2,"name":"Qui sommes nous ?"}]},{"@type":"WebSite","@id":"https:\/\/kartelec.fr\/#website","url":"https:\/\/kartelec.fr\/","name":"Kartelec","description":"L&#039;actualit\u00e9 du karting \u00e9lectrique","potentialAction":[{"@type":"SearchAction","target":{"@type":"EntryPoint","urlTemplate":"https:\/\/kartelec.fr\/?s={search_term_string}"},"query-input":{"@type":"PropertyValueSpecification","valueRequired":true,"valueName":"search_term_string"}}],"inLanguage":"fr-FR"}]}},"_links":{"self":[{"href":"https:\/\/kartelec.fr\/index.php?rest_route=\/wp\/v2\/pages\/69","targetHints":{"allow":["GET"]}}],"collection":[{"href":"https:\/\/kartelec.fr\/index.php?rest_route=\/wp\/v2\/pages"}],"about":[{"href":"https:\/\/kartelec.fr\/index.php?rest_route=\/wp\/v2\/types\/page"}],"author":[{"embeddable":true,"href":"https:\/\/kartelec.fr\/index.php?rest_route=\/wp\/v2\/users\/1"}],"replies":[{"embeddable":true,"href":"https:\/\/kartelec.fr\/index.php?rest_route=%2Fwp%2Fv2%2Fcomments&post=69"}],"version-history":[{"count":25,"href":"https:\/\/kartelec.fr\/index.php?rest_route=\/wp\/v2\/pages\/69\/revisions"}],"predecessor-version":[{"id":385,"href":"https:\/\/kartelec.fr\/index.php?rest_route=\/wp\/v2\/pages\/69\/revisions\/385"}],"wp:featuredmedia":[{"embeddable":true,"href":"https:\/\/kartelec.fr\/index.php?rest_route=\/wp\/v2\/media\/141"}],"wp:attachment":[{"href":"https:\/\/kartelec.fr\/index.php?rest_route=%2Fwp%2Fv2%2Fmedia&parent=69"}],"curies":[{"name":"wp","href":"https:\/\/api.w.org\/{rel}","templated":true}]}}